{"id":59,"date":"2025-09-16T06:00:10","date_gmt":"2025-09-16T06:00:10","guid":{"rendered":"https:\/\/ecoogle.com.br\/blog\/?page_id=59"},"modified":"2025-09-16T06:00:10","modified_gmt":"2025-09-16T06:00:10","slug":"contato","status":"publish","type":"page","link":"https:\/\/ecoogle.com.br\/blog\/contato\/","title":{"rendered":"Contato"},"content":{"rendered":"\n<details class=\"wp-block-details is-layout-flow wp-block-details-is-layout-flow\"><summary>Fale Conosco<br><br>Quer falar com a equipe do Ecoogle? Estamos \u00e0 disposi\u00e7\u00e3o para d\u00favidas, sugest\u00f5es e parcerias.<br><br>Formas de contato:<br>\ud83d\udce7 E-mail: contato@ecoogle.com.br<br>\ud83d\udccd Endere\u00e7o: Alameda dos Helitr\u00f3pos, 20 \u2013 Bairro Cidade Jardim, S\u00e3o Carlos\/SP<br>\ud83c\udf10 Site: www.ecoogle.com.br<br><\/summary>\n<p><\/p>\n<\/details>\n","protected":false},"excerpt":{"rendered":"","protected":false},"author":1,"featured_media":0,"parent":0,"menu_order":0,"comment_status":"closed","ping_status":"closed","template":"","meta":{"footnotes":""},"class_list":["post-59","page","type-page","status-publish","hentry"],"_links":{"self":[{"href":"https:\/\/ecoogle.com.br\/blog\/wp-json\/wp\/v2\/pages\/59","targetHints":{"allow":["GET"]}}],"collection":[{"href":"https:\/\/ecoogle.com.br\/blog\/wp-json\/wp\/v2\/pages"}],"about":[{"href":"https:\/\/ecoogle.com.br\/blog\/wp-json\/wp\/v2\/types\/page"}],"author":[{"embeddable":true,"href":"https:\/\/ecoogle.com.br\/blog\/wp-json\/wp\/v2\/users\/1"}],"replies":[{"embeddable":true,"href":"https:\/\/ecoogle.com.br\/blog\/wp-json\/wp\/v2\/comments?post=59"}],"version-history":[{"count":1,"href":"https:\/\/ecoogle.com.br\/blog\/wp-json\/wp\/v2\/pages\/59\/revisions"}],"predecessor-version":[{"id":60,"href":"https:\/\/ecoogle.com.br\/blog\/wp-json\/wp\/v2\/pages\/59\/revisions\/60"}],"wp:attachment":[{"href":"https:\/\/ecoogle.com.br\/blog\/wp-json\/wp\/v2\/media?parent=59"}],"curies":[{"name":"wp","href":"https:\/\/api.w.org\/{rel}","templated":true}]}}