{"id":57,"date":"2025-09-16T05:59:02","date_gmt":"2025-09-16T05:59:02","guid":{"rendered":"https:\/\/ecoogle.com.br\/blog\/?page_id=57"},"modified":"2025-09-16T05:59:03","modified_gmt":"2025-09-16T05:59:03","slug":"sobre-nos","status":"publish","type":"page","link":"https:\/\/ecoogle.com.br\/blog\/sobre-nos\/","title":{"rendered":"Sobre N\u00f3s"},"content":{"rendered":"\n<details class=\"wp-block-details is-layout-flow wp-block-details-is-layout-flow\"><summary>Sobre o Ecoogle<br><br>O Ecoogle nasceu com um prop\u00f3sito: transformar cada pesquisa feita na internet em uma a\u00e7\u00e3o positiva para o planeta.<br><br>A cada pesquisa realizada no nosso buscador, parte da receita gerada com an\u00fancios \u00e9 destinada a projetos de reflorestamento e preserva\u00e7\u00e3o ambiental em diferentes biomas brasileiros, como a Amaz\u00f4nia, Cerrado, Mata Atl\u00e2ntica e Pantanal.<br><br>Nossa miss\u00e3o<br>Unir tecnologia e sustentabilidade, provando que cada clique pode gerar impacto positivo no mundo.<br><br>Nossa vis\u00e3o<br>Ser o maior buscador ecol\u00f3gico da Am\u00e9rica Latina, refer\u00eancia em inova\u00e7\u00e3o verde e contribui\u00e7\u00e3o ambiental.<br><br>Nossos valores<br><br>Transpar\u00eancia \ud83c\udf0d<br><br>Sustentabilidade \ud83c\udf31<br><br>Inova\u00e7\u00e3o \ud83d\ude80<br><br>Responsabilidade social \ud83d\udc9a<br><br><br>Ao escolher o Ecoogle, voc\u00ea pesquisa como de costume e ajuda a plantar \u00e1rvores que preservam a vida e o futuro do planeta.<br><\/summary>\n<p><\/p>\n<\/details>\n","protected":false},"excerpt":{"rendered":"","protected":false},"author":1,"featured_media":0,"parent":0,"menu_order":0,"comment_status":"closed","ping_status":"closed","template":"","meta":{"footnotes":""},"class_list":["post-57","page","type-page","status-publish","hentry"],"_links":{"self":[{"href":"https:\/\/ecoogle.com.br\/blog\/wp-json\/wp\/v2\/pages\/57","targetHints":{"allow":["GET"]}}],"collection":[{"href":"https:\/\/ecoogle.com.br\/blog\/wp-json\/wp\/v2\/pages"}],"about":[{"href":"https:\/\/ecoogle.com.br\/blog\/wp-json\/wp\/v2\/types\/page"}],"author":[{"embeddable":true,"href":"https:\/\/ecoogle.com.br\/blog\/wp-json\/wp\/v2\/users\/1"}],"replies":[{"embeddable":true,"href":"https:\/\/ecoogle.com.br\/blog\/wp-json\/wp\/v2\/comments?post=57"}],"version-history":[{"count":1,"href":"https:\/\/ecoogle.com.br\/blog\/wp-json\/wp\/v2\/pages\/57\/revisions"}],"predecessor-version":[{"id":58,"href":"https:\/\/ecoogle.com.br\/blog\/wp-json\/wp\/v2\/pages\/57\/revisions\/58"}],"wp:attachment":[{"href":"https:\/\/ecoogle.com.br\/blog\/wp-json\/wp\/v2\/media?parent=57"}],"curies":[{"name":"wp","href":"https:\/\/api.w.org\/{rel}","templated":true}]}}